{"id":118,"date":"2019-03-16T21:28:17","date_gmt":"2019-03-16T21:28:17","guid":{"rendered":"https:\/\/consultsafeport.com.br\/site\/?page_id=118"},"modified":"2019-03-16T21:29:56","modified_gmt":"2019-03-16T21:29:56","slug":"vistoria-previa-para-contratacao-de-seguro","status":"publish","type":"page","link":"https:\/\/consultsafeport.com.br\/site\/vistoria-previa-para-contratacao-de-seguro\/","title":{"rendered":"Vistoria pr\u00e9via para contrata\u00e7\u00e3o de seguro"},"content":{"rendered":"<p>A CONSULT Safeport oferece o servi\u00e7o de Vistoria Pr\u00e9via para Contrata\u00e7\u00e3o de Seguro, em embarca\u00e7\u00f5es de Esporte e\/ou Recreio de pequeno, m\u00e9dio e grande porte, avaliando seu estado geral de conserva\u00e7\u00e3o, suas condi\u00e7\u00f5es de navegabilidade e valor aproximado de mercado.<\/p>\n<p>Avalia\u00e7\u00f5es de embarca\u00e7\u00f5es profissionais tais como: balsas, flutuantes, atracadouros, ferry-boats, rebocadores, empurradores, dragas, lanchas para transporte de passageiros e pesqueiros. An\u00e1lise documental dos Certificados em atendimento as normas de seguran\u00e7a da Marinha do Brasil, condi\u00e7\u00f5es de navegabilidade e rela\u00e7\u00e3o dos equipamentos de bordo.<\/p>\n<p>Avalia\u00e7\u00e3o de veleiros de pequeno, m\u00e9dio e grande porte, verificando o estado geral, condi\u00e7\u00f5es de navegabilidade, rela\u00e7\u00e3o de equipamentos, instrumentos de navega\u00e7\u00e3o, comunica\u00e7\u00e3o, mastrea\u00e7\u00e3o (mastro, retranca, estais e brandais) e velas.<\/p>\n<p>As vistorias s\u00e3o realizadas seguindo um rigoroso crit\u00e9rio de qualidade, gerando laudos t\u00e9cnicos completos com amplo relat\u00f3rio fotogr\u00e1fico.<\/p>\n","protected":false},"excerpt":{"rendered":"<p>A CONSULT Safeport oferece o servi\u00e7o de Vistoria Pr\u00e9via para Contrata\u00e7\u00e3o de Seguro, em embarca\u00e7\u00f5es de Esporte e\/ou Recreio de pequeno, m\u00e9dio e grande porte, avaliando seu estado geral de conserva\u00e7\u00e3o, suas condi\u00e7\u00f5es de navegabilidade e valor aproximado de mercado. Avalia\u00e7\u00f5es de embarca\u00e7\u00f5es profissionais tais como: balsas, flutuantes, atracadouros, ferry-boats, rebocadores, empurradores, dragas, lanchas para [&hellip;]<\/p>\n","protected":false},"author":1,"featured_media":0,"parent":0,"menu_order":0,"comment_status":"closed","ping_status":"closed","template":"","meta":{"footnotes":""},"class_list":["post-118","page","type-page","status-publish","hentry"],"_links":{"self":[{"href":"https:\/\/consultsafeport.com.br\/site\/wp-json\/wp\/v2\/pages\/118","targetHints":{"allow":["GET"]}}],"collection":[{"href":"https:\/\/consultsafeport.com.br\/site\/wp-json\/wp\/v2\/pages"}],"about":[{"href":"https:\/\/consultsafeport.com.br\/site\/wp-json\/wp\/v2\/types\/page"}],"author":[{"embeddable":true,"href":"https:\/\/consultsafeport.com.br\/site\/wp-json\/wp\/v2\/users\/1"}],"replies":[{"embeddable":true,"href":"https:\/\/consultsafeport.com.br\/site\/wp-json\/wp\/v2\/comments?post=118"}],"version-history":[{"count":1,"href":"https:\/\/consultsafeport.com.br\/site\/wp-json\/wp\/v2\/pages\/118\/revisions"}],"predecessor-version":[{"id":119,"href":"https:\/\/consultsafeport.com.br\/site\/wp-json\/wp\/v2\/pages\/118\/revisions\/119"}],"wp:attachment":[{"href":"https:\/\/consultsafeport.com.br\/site\/wp-json\/wp\/v2\/media?parent=118"}],"curies":[{"name":"wp","href":"https:\/\/api.w.org\/{rel}","templated":true}]}}