{"id":120,"date":"2019-03-16T21:32:42","date_gmt":"2019-03-16T21:32:42","guid":{"rendered":"https:\/\/consultsafeport.com.br\/site\/?page_id=120"},"modified":"2019-03-16T21:37:28","modified_gmt":"2019-03-16T21:37:28","slug":"avaliacao-tecnica-de-embarcacoes-e-condicao-pre-compra","status":"publish","type":"page","link":"https:\/\/consultsafeport.com.br\/site\/avaliacao-tecnica-de-embarcacoes-e-condicao-pre-compra\/","title":{"rendered":"Avalia\u00e7\u00e3o t\u00e9cnica"},"content":{"rendered":"<h1>AVALIA\u00c7\u00c3O T\u00c9CNICA DE EMBARCA\u00c7\u00d5ES E CONDI\u00c7\u00c3O PR\u00c9-COMPRA<\/h1>\n<p>Atendendo a uma necessidade do mercado de compra e venda de embarca\u00e7\u00f5es, a Consult Safeport criou o produto a qual denomina de Avalia\u00e7\u00e3o T\u00e9cnica de Embarca\u00e7\u00f5es e Condi\u00e7\u00e3o Pr\u00e9-Compra.<\/p>\n<p>As vistorias s\u00e3o realizadas seguindo r\u00edgidos crit\u00e9rios de qualidade. As embarca\u00e7\u00f5es s\u00e3o inspecionadas por inteiro, passando pelo por\u00e3o, cabines, c\u00f4modos e conveses, resultando num relat\u00f3rio repleto de detalhes, dentre eles uma rela\u00e7\u00e3o completa dos equipamentos instalados a bordo (navega\u00e7\u00e3o, comunica\u00e7\u00e3o, seguran\u00e7a, lazer), seu valor de mercado e ilustra\u00e7\u00f5es demonstrando seu estado de conserva\u00e7\u00e3o, servindo para exposi\u00e7\u00e3o e tomadas de decis\u00e3o de compra e venda.<\/p>\n","protected":false},"excerpt":{"rendered":"<p>AVALIA\u00c7\u00c3O T\u00c9CNICA DE EMBARCA\u00c7\u00d5ES E CONDI\u00c7\u00c3O PR\u00c9-COMPRA Atendendo a uma necessidade do mercado de compra e venda de embarca\u00e7\u00f5es, a Consult Safeport criou o produto a qual denomina de Avalia\u00e7\u00e3o T\u00e9cnica de Embarca\u00e7\u00f5es e Condi\u00e7\u00e3o Pr\u00e9-Compra. As vistorias s\u00e3o realizadas seguindo r\u00edgidos crit\u00e9rios de qualidade. As embarca\u00e7\u00f5es s\u00e3o inspecionadas por inteiro, passando pelo por\u00e3o, cabines, [&hellip;]<\/p>\n","protected":false},"author":1,"featured_media":0,"parent":0,"menu_order":0,"comment_status":"closed","ping_status":"closed","template":"","meta":{"footnotes":""},"class_list":["post-120","page","type-page","status-publish","hentry"],"_links":{"self":[{"href":"https:\/\/consultsafeport.com.br\/site\/wp-json\/wp\/v2\/pages\/120","targetHints":{"allow":["GET"]}}],"collection":[{"href":"https:\/\/consultsafeport.com.br\/site\/wp-json\/wp\/v2\/pages"}],"about":[{"href":"https:\/\/consultsafeport.com.br\/site\/wp-json\/wp\/v2\/types\/page"}],"author":[{"embeddable":true,"href":"https:\/\/consultsafeport.com.br\/site\/wp-json\/wp\/v2\/users\/1"}],"replies":[{"embeddable":true,"href":"https:\/\/consultsafeport.com.br\/site\/wp-json\/wp\/v2\/comments?post=120"}],"version-history":[{"count":4,"href":"https:\/\/consultsafeport.com.br\/site\/wp-json\/wp\/v2\/pages\/120\/revisions"}],"predecessor-version":[{"id":127,"href":"https:\/\/consultsafeport.com.br\/site\/wp-json\/wp\/v2\/pages\/120\/revisions\/127"}],"wp:attachment":[{"href":"https:\/\/consultsafeport.com.br\/site\/wp-json\/wp\/v2\/media?parent=120"}],"curies":[{"name":"wp","href":"https:\/\/api.w.org\/{rel}","templated":true}]}}