{"id":124,"date":"2019-03-16T21:36:36","date_gmt":"2019-03-16T21:36:36","guid":{"rendered":"https:\/\/consultsafeport.com.br\/site\/?page_id=124"},"modified":"2019-03-16T21:36:36","modified_gmt":"2019-03-16T21:36:36","slug":"estudo-e-avaliacao-de-salvados","status":"publish","type":"page","link":"https:\/\/consultsafeport.com.br\/site\/estudo-e-avaliacao-de-salvados\/","title":{"rendered":"Estudo e avalia\u00e7\u00e3o de salvados"},"content":{"rendered":"<p>Passada a fase de Regula\u00e7\u00e3o de Sinistro, os envolvidos se deparam com um problema \u00e0 frente: O que fazer com os salvados? Qual seu valor de mercado? Em que estado eles se encontram? Onde est\u00e3o e como retir\u00e1-los?<\/p>\n<p>Atendendo a essa demanda, a Consult Safeport oferece o servi\u00e7o de Estudo e Avalia\u00e7\u00e3o de Salvados, no qual comparecemos no local para inspecionar os objetos criteriosamente, resultando num relat\u00f3rio repleto de detalhes, como rela\u00e7\u00e3o completa dos salvados, valor de mercado, estado de conserva\u00e7\u00e3o, entre outros.<\/p>\n<p>O produto vem sendo utilizado por Companhias Seguradoras que tem dificuldades em trabalhar com os salvados, seja por defici\u00eancia das informa\u00e7\u00f5es coletadas ao longo da Regula\u00e7\u00e3o do Sinistro, pelo tempo decorrido desde a liquida\u00e7\u00e3o, por abandono dos salvados, deteriora\u00e7\u00e3o, saques, vandalismo, etc.<\/p>\n","protected":false},"excerpt":{"rendered":"<p>Passada a fase de Regula\u00e7\u00e3o de Sinistro, os envolvidos se deparam com um problema \u00e0 frente: O que fazer com os salvados? Qual seu valor de mercado? Em que estado eles se encontram? Onde est\u00e3o e como retir\u00e1-los? Atendendo a essa demanda, a Consult Safeport oferece o servi\u00e7o de Estudo e Avalia\u00e7\u00e3o de Salvados, no [&hellip;]<\/p>\n","protected":false},"author":1,"featured_media":0,"parent":0,"menu_order":0,"comment_status":"closed","ping_status":"closed","template":"","meta":{"footnotes":""},"class_list":["post-124","page","type-page","status-publish","hentry"],"_links":{"self":[{"href":"https:\/\/consultsafeport.com.br\/site\/wp-json\/wp\/v2\/pages\/124","targetHints":{"allow":["GET"]}}],"collection":[{"href":"https:\/\/consultsafeport.com.br\/site\/wp-json\/wp\/v2\/pages"}],"about":[{"href":"https:\/\/consultsafeport.com.br\/site\/wp-json\/wp\/v2\/types\/page"}],"author":[{"embeddable":true,"href":"https:\/\/consultsafeport.com.br\/site\/wp-json\/wp\/v2\/users\/1"}],"replies":[{"embeddable":true,"href":"https:\/\/consultsafeport.com.br\/site\/wp-json\/wp\/v2\/comments?post=124"}],"version-history":[{"count":1,"href":"https:\/\/consultsafeport.com.br\/site\/wp-json\/wp\/v2\/pages\/124\/revisions"}],"predecessor-version":[{"id":125,"href":"https:\/\/consultsafeport.com.br\/site\/wp-json\/wp\/v2\/pages\/124\/revisions\/125"}],"wp:attachment":[{"href":"https:\/\/consultsafeport.com.br\/site\/wp-json\/wp\/v2\/media?parent=124"}],"curies":[{"name":"wp","href":"https:\/\/api.w.org\/{rel}","templated":true}]}}