{"id":161,"date":"2019-08-28T22:00:07","date_gmt":"2019-08-28T22:00:07","guid":{"rendered":"https:\/\/consultsafeport.com.br\/site\/?page_id=161"},"modified":"2019-08-28T22:02:28","modified_gmt":"2019-08-28T22:02:28","slug":"clientes","status":"publish","type":"page","link":"https:\/\/consultsafeport.com.br\/site\/clientes\/","title":{"rendered":"Clientes"},"content":{"rendered":"<p style=\"text-align: center;\">Atualmente a Consult Safeport trabalha para as Seguradoras que operam o seguro n\u00e1utico no Brasil, nas suas mais diferentes modalidades. Al\u00e9m de grandes Companhias de Seguro, nossa carteira de clientes \u00e9 composta por Corretores de Seguros, propriet\u00e1rios de embarca\u00e7\u00f5es e demais interessados no mercado e com\u00e9rcio de casco mar\u00edtimo, nos segmentos profissional e de esporte e recreio.<\/p>\n<h4 style=\"text-align: center;\">N\u00e3o deixe de nos consultar e conhecer nossos produtos voltados para o segmento n\u00e1utico.<\/h4>\n<p style=\"text-align: center;\"><!-- Widget Shortcode --><div id=\"cordillera_carousel-2\" class=\"widget cordillera_carousel widget-shortcode area-home-page-section-5c6ed44275cc3 \"><div id=\"cordillera-carousel\" class=\"owl-carousel cordillera-carousel clients\" data-num=\"6\">\r\n <div class=\"item\"><img decoding=\"async\" src=\"https:\/\/consultsafeport.com.br\/site\/wp-content\/uploads\/2019\/03\/tokyo.jpg\" data-toggle=\"tooltip\" data-placement=\"top\" title=\"\" data-original-title=\"\" alt=\"\" \/><\/div> <div class=\"item\"><img decoding=\"async\" src=\"https:\/\/consultsafeport.com.br\/site\/wp-content\/uploads\/2019\/03\/rsa.jpg\" data-toggle=\"tooltip\" data-placement=\"top\" title=\"\" data-original-title=\"\" alt=\"\" \/><\/div> <div class=\"item\"><img decoding=\"async\" src=\"https:\/\/consultsafeport.com.br\/site\/wp-content\/uploads\/2019\/03\/mapfre.jpg\" data-toggle=\"tooltip\" data-placement=\"top\" title=\"\" data-original-title=\"\" alt=\"\" \/><\/div> <div class=\"item\"><img decoding=\"async\" src=\"https:\/\/consultsafeport.com.br\/site\/wp-content\/uploads\/2019\/03\/generali.jpg\" data-toggle=\"tooltip\" data-placement=\"top\" title=\"\" data-original-title=\"\" alt=\"\" \/><\/div> <div class=\"item\"><img decoding=\"async\" src=\"https:\/\/consultsafeport.com.br\/site\/wp-content\/uploads\/2019\/03\/chubb.jpg\" data-toggle=\"tooltip\" data-placement=\"top\" title=\"\" data-original-title=\"\" alt=\"\" \/><\/div> <div class=\"item\"><img decoding=\"async\" src=\"https:\/\/consultsafeport.com.br\/site\/wp-content\/uploads\/2019\/03\/alianz.jpg\" data-toggle=\"tooltip\" data-placement=\"top\" title=\"\" data-original-title=\"\" alt=\"\" \/><\/div> <div class=\"item\"><img decoding=\"async\" src=\"https:\/\/consultsafeport.com.br\/site\/wp-content\/uploads\/2019\/03\/aig.jpg\" data-toggle=\"tooltip\" data-placement=\"top\" title=\"\" data-original-title=\"\" alt=\"\" \/><\/div><\/div>\r\n\t\t<\/div><!-- \/Widget Shortcode -->\n","protected":false},"excerpt":{"rendered":"<p>Atualmente a Consult Safeport trabalha para as Seguradoras que operam o seguro n\u00e1utico no Brasil, nas suas mais diferentes modalidades. Al\u00e9m de grandes Companhias de Seguro, nossa carteira de clientes \u00e9 composta por Corretores de Seguros, propriet\u00e1rios de embarca\u00e7\u00f5es e demais interessados no mercado e com\u00e9rcio de casco mar\u00edtimo, nos segmentos profissional e de esporte [&hellip;]<\/p>\n","protected":false},"author":1,"featured_media":0,"parent":0,"menu_order":0,"comment_status":"closed","ping_status":"closed","template":"","meta":{"footnotes":""},"class_list":["post-161","page","type-page","status-publish","hentry"],"_links":{"self":[{"href":"https:\/\/consultsafeport.com.br\/site\/wp-json\/wp\/v2\/pages\/161","targetHints":{"allow":["GET"]}}],"collection":[{"href":"https:\/\/consultsafeport.com.br\/site\/wp-json\/wp\/v2\/pages"}],"about":[{"href":"https:\/\/consultsafeport.com.br\/site\/wp-json\/wp\/v2\/types\/page"}],"author":[{"embeddable":true,"href":"https:\/\/consultsafeport.com.br\/site\/wp-json\/wp\/v2\/users\/1"}],"replies":[{"embeddable":true,"href":"https:\/\/consultsafeport.com.br\/site\/wp-json\/wp\/v2\/comments?post=161"}],"version-history":[{"count":5,"href":"https:\/\/consultsafeport.com.br\/site\/wp-json\/wp\/v2\/pages\/161\/revisions"}],"predecessor-version":[{"id":166,"href":"https:\/\/consultsafeport.com.br\/site\/wp-json\/wp\/v2\/pages\/161\/revisions\/166"}],"wp:attachment":[{"href":"https:\/\/consultsafeport.com.br\/site\/wp-json\/wp\/v2\/media?parent=161"}],"curies":[{"name":"wp","href":"https:\/\/api.w.org\/{rel}","templated":true}]}}