{"id":86,"date":"2019-03-14T22:56:40","date_gmt":"2019-03-14T22:56:40","guid":{"rendered":"https:\/\/consultsafeport.com.br\/site\/?page_id=86"},"modified":"2019-03-19T18:39:11","modified_gmt":"2019-03-19T18:39:11","slug":"a-empresa","status":"publish","type":"page","link":"https:\/\/consultsafeport.com.br\/site\/a-empresa\/","title":{"rendered":"A EMPRESA"},"content":{"rendered":"<h1>CONHE\u00c7A A NOSSA EMPRESA<\/h1>\n<p>A Consult Safeport \u00e9 uma empresa oriunda da Safeport Consultoria e Servi\u00e7os N\u00e1uticos Ltda, fundada em 1995, especializada no ramo Naval, presente no estado de S\u00e3o Paulo e com representa\u00e7\u00f5es em todo territ\u00f3rio nacional.<\/p>\n<p>Nosso principal objetivo \u00e9 atender com excel\u00eancia \u00e0s necessidades de nossos clientes, colaboradores e fornecedores, com \u00e9tica e comprometimento, seguindo todas as normas e requisitos legais.<\/p>\n<p>Trabalhamos constantemente para sermos uma refer\u00eancia no ramo, pelo comprometimento com o cliente e com os resultados obtidos.<\/p>\n<p>A Consult Safeport preza pela qualidade absoluta em todas as suas atividades e, por meio de cursos de atualiza\u00e7\u00e3o, procura a excel\u00eancia em seu &#8220;rol&#8221; de servi\u00e7os oferecidos.<\/p>\n<h1>MISS\u00c3O<\/h1>\n<p>Ser uma empresa que agrega valor a seus clientes, empenhando-se na oferta de servi\u00e7os de qualidade e solu\u00e7\u00f5es inovadoras.<\/p>\n<h1>VIS\u00c3O<\/h1>\n<p>Agregar conhecimento, visando melhoria cont\u00ednua em nossos servi\u00e7os e no relacionamento com o mercado.<\/p>\n<h1>VALORES<\/h1>\n<ul>\n<li>\u00c9tica, honestidade e transpar\u00eancia;<\/li>\n<li>Esp\u00edrito empreendedor;<\/li>\n<li>Excel\u00eancia nos servi\u00e7os prestados;<\/li>\n<li>Compromisso com a inova\u00e7\u00e3o e a melhoria cont\u00ednua de produtos e servi\u00e7os.<\/li>\n<\/ul>\n","protected":false},"excerpt":{"rendered":"<p>CONHE\u00c7A A NOSSA EMPRESA A Consult Safeport \u00e9 uma empresa oriunda da Safeport Consultoria e Servi\u00e7os N\u00e1uticos Ltda, fundada em 1995, especializada no ramo Naval, presente no estado de S\u00e3o Paulo e com representa\u00e7\u00f5es em todo territ\u00f3rio nacional. Nosso principal objetivo \u00e9 atender com excel\u00eancia \u00e0s necessidades de nossos clientes, colaboradores e fornecedores, com \u00e9tica [&hellip;]<\/p>\n","protected":false},"author":1,"featured_media":0,"parent":0,"menu_order":0,"comment_status":"closed","ping_status":"closed","template":"","meta":{"footnotes":""},"class_list":["post-86","page","type-page","status-publish","hentry"],"_links":{"self":[{"href":"https:\/\/consultsafeport.com.br\/site\/wp-json\/wp\/v2\/pages\/86","targetHints":{"allow":["GET"]}}],"collection":[{"href":"https:\/\/consultsafeport.com.br\/site\/wp-json\/wp\/v2\/pages"}],"about":[{"href":"https:\/\/consultsafeport.com.br\/site\/wp-json\/wp\/v2\/types\/page"}],"author":[{"embeddable":true,"href":"https:\/\/consultsafeport.com.br\/site\/wp-json\/wp\/v2\/users\/1"}],"replies":[{"embeddable":true,"href":"https:\/\/consultsafeport.com.br\/site\/wp-json\/wp\/v2\/comments?post=86"}],"version-history":[{"count":4,"href":"https:\/\/consultsafeport.com.br\/site\/wp-json\/wp\/v2\/pages\/86\/revisions"}],"predecessor-version":[{"id":145,"href":"https:\/\/consultsafeport.com.br\/site\/wp-json\/wp\/v2\/pages\/86\/revisions\/145"}],"wp:attachment":[{"href":"https:\/\/consultsafeport.com.br\/site\/wp-json\/wp\/v2\/media?parent=86"}],"curies":[{"name":"wp","href":"https:\/\/api.w.org\/{rel}","templated":true}]}}